{"id":80558,"date":"2024-04-12T14:28:23","date_gmt":"2024-04-12T12:28:23","guid":{"rendered":"https:\/\/bagheera.se\/produkt\/bloom-xs-2\/"},"modified":"2024-04-12T14:28:23","modified_gmt":"2024-04-12T12:28:23","slug":"bloom-xs-2","status":"publish","type":"product","link":"https:\/\/bagheera.se\/en\/produkt\/bloom-xs-2\/","title":{"rendered":"Bloom XS"},"content":{"rendered":"<p>Finally, trendy kids&#8217; sunglasses that don&#8217;t compromise on safety. C\u00e9b\u00e9 Bloom anti-UVA\/UVB kids&#8217; sunglasses offer the best in eye protection thanks to C\u00e9b\u00e9&#8217;s quality lenses. Also equipped with C\u00e9b\u00e9&#8217;s blue light lens technology, Bloom protects your kids&#8217; eyes wherever they go.  <\/p>\n<li>Size XS\n<li>Lens Grey cat. 3\n<li>Anti-UVA\/UVB\n<li>Suitable for children 5-7 years old<\/li>\n","protected":false},"excerpt":{"rendered":"<p>Finally trendy children&#8217;s sunglasses that don&#8217;t compromise on safety.<\/p>\n","protected":false},"featured_media":65888,"template":"","meta":[],"product_brand":[],"product_cat":[788,791,787,794],"product_tag":[],"class_list":{"0":"post-80558","1":"product","2":"type-product","3":"status-publish","4":"has-post-thumbnail","6":"product_cat-cebe","7":"product_cat-cebe-junior","8":"product_cat-equipment","9":"product_cat-sports-sunglasses-jr","11":"first","12":"outofstock","13":"sale","14":"taxable","15":"shipping-taxable","16":"purchasable","17":"product-type-simple"},"gallery_images":[65889,65890,65891],"_links":{"self":[{"href":"https:\/\/bagheera.se\/en\/wp-json\/wp\/v2\/product\/80558","targetHints":{"allow":["GET"]}}],"collection":[{"href":"https:\/\/bagheera.se\/en\/wp-json\/wp\/v2\/product"}],"about":[{"href":"https:\/\/bagheera.se\/en\/wp-json\/wp\/v2\/types\/product"}],"wp:featuredmedia":[{"embeddable":true,"href":"https:\/\/bagheera.se\/en\/wp-json\/wp\/v2\/media\/65888"}],"wp:attachment":[{"href":"https:\/\/bagheera.se\/en\/wp-json\/wp\/v2\/media?parent=80558"}],"wp:term":[{"taxonomy":"product_brand","embeddable":true,"href":"https:\/\/bagheera.se\/en\/wp-json\/wp\/v2\/product_brand?post=80558"},{"taxonomy":"product_cat","embeddable":true,"href":"https:\/\/bagheera.se\/en\/wp-json\/wp\/v2\/product_cat?post=80558"},{"taxonomy":"product_tag","embeddable":true,"href":"https:\/\/bagheera.se\/en\/wp-json\/wp\/v2\/product_tag?post=80558"}],"curies":[{"name":"wp","href":"https:\/\/api.w.org\/{rel}","templated":true}]}}